{"id":353,"date":"2024-10-03T16:14:29","date_gmt":"2024-10-03T14:14:29","guid":{"rendered":"https:\/\/www.madamedrouot.com\/quartier\/"},"modified":"2025-06-03T15:34:08","modified_gmt":"2025-06-03T13:34:08","slug":"what-to-do-in-the-9th-arrondissement-of-paris","status":"publish","type":"page","link":"https:\/\/www.madamedrouot.com\/en\/que-faire-dans-le-9eme-arrondissement-de-paris\/","title":{"rendered":"Neighbourhood"},"content":{"rendered":"<div data-elementor-type=\"wp-page\" data-elementor-id=\"353\" class=\"elementor elementor-353\" data-elementor-post-type=\"page\">\n\t\t\t\t<section class=\"elementor-element elementor-element-790d029 e-flex e-con-boxed e-con e-parent\" data-id=\"790d029\" data-element_type=\"container\" data-e-type=\"container\" data-settings=\"{&quot;background_background&quot;:&quot;classic&quot;}\">\n\t\t\t\t\t<div class=\"e-con-inner\">\n\t\t<div class=\"elementor-element elementor-element-7ffd531 e-con-full e-flex e-con e-child\" data-id=\"7ffd531\" data-element_type=\"container\" data-e-type=\"container\" data-settings=\"{&quot;background_background&quot;:&quot;classic&quot;}\">\n\t\t<div class=\"elementor-element elementor-element-2cefd25 e-con-full e-flex e-con e-child\" data-id=\"2cefd25\" data-element_type=\"container\" data-e-type=\"container\" data-settings=\"{&quot;background_background&quot;:&quot;classic&quot;}\">\n\t\t\t\t<\/div>\n\t\t<div class=\"elementor-element elementor-element-1b14383 e-con-full e-flex e-con e-child\" data-id=\"1b14383\" data-element_type=\"container\" data-e-type=\"container\" data-settings=\"{&quot;background_background&quot;:&quot;classic&quot;}\">\n\t\t<div class=\"elementor-element elementor-element-df6f8d7 e-con-full my-fadeUp  my-parralax e-flex e-con e-child\" data-id=\"df6f8d7\" data-element_type=\"container\" data-e-type=\"container\">\n\t\t\t\t<div class=\"elementor-element elementor-element-9128d7e elementor-widget elementor-widget-heading\" data-id=\"9128d7e\" data-element_type=\"widget\" data-e-type=\"widget\" data-widget_type=\"heading.default\">\n\t\t\t\t<div class=\"elementor-widget-container\">\n\t\t\t\t\t<h1 class=\"elementor-heading-title elementor-size-default\">PARIS - Drouot district<\/h1>\t\t\t\t<\/div>\n\t\t\t\t<\/div>\n\t\t\t\t<div class=\"elementor-element elementor-element-febeaee elementor-widget elementor-widget-heading\" data-id=\"febeaee\" data-element_type=\"widget\" data-e-type=\"widget\" data-widget_type=\"heading.default\">\n\t\t\t\t<div class=\"elementor-widget-container\">\n\t\t\t\t\t<p class=\"elementor-heading-title elementor-size-default\">DISCOVER<br \/> <em>the Drouot district<\/em><\/p>\t\t\t\t<\/div>\n\t\t\t\t<\/div>\n\t\t\t\t<\/div>\n\t\t\t\t<\/div>\n\t\t<div class=\"elementor-element elementor-element-2bd15ec e-con-full e-flex e-con e-child\" data-id=\"2bd15ec\" data-element_type=\"container\" data-e-type=\"container\" data-settings=\"{&quot;background_background&quot;:&quot;classic&quot;}\">\n\t\t\t\t<\/div>\n\t\t\t\t<\/div>\n\t\t<div class=\"elementor-element elementor-element-e658631 e-con-full elementor-hidden-mobile my-fadeUp2 e-flex e-con e-child\" data-id=\"e658631\" data-element_type=\"container\" data-e-type=\"container\">\n\t\t\t\t<div class=\"elementor-element elementor-element-85a6ebf elementor-widget elementor-widget-heading\" data-id=\"85a6ebf\" data-element_type=\"widget\" data-e-type=\"widget\" data-widget_type=\"heading.default\">\n\t\t\t\t<div class=\"elementor-widget-container\">\n\t\t\t\t\t<p class=\"elementor-heading-title elementor-size-default\">Travel &amp; discover<\/p>\t\t\t\t<\/div>\n\t\t\t\t<\/div>\n\t\t\t\t<div class=\"elementor-element elementor-element-14299ce elementor-view-default elementor-widget elementor-widget-icon\" data-id=\"14299ce\" data-element_type=\"widget\" data-e-type=\"widget\" data-widget_type=\"icon.default\">\n\t\t\t\t<div class=\"elementor-widget-container\">\n\t\t\t\t\t\t\t<div class=\"elementor-icon-wrapper\">\n\t\t\t<a class=\"elementor-icon\" href=\"#spa-screen2\">\n\t\t\t<svg xmlns=\"http:\/\/www.w3.org\/2000\/svg\" width=\"30\" height=\"44\" viewbox=\"0 0 30 44\" fill=\"none\"><path id=\"Vector 14\" d=\"M28.5 26.5L14.4937 42.5M14.4937 42.5L1.5 26.5M14.4937 42.5V1\" stroke=\"black\" stroke-width=\"1.54688\" stroke-linecap=\"round\" stroke-linejoin=\"round\"><\/path><\/svg>\t\t\t<\/a>\n\t\t<\/div>\n\t\t\t\t\t\t<\/div>\n\t\t\t\t<\/div>\n\t\t\t\t<div class=\"elementor-element elementor-element-5e737d9 elementor-widget elementor-widget-heading\" data-id=\"5e737d9\" data-element_type=\"widget\" data-e-type=\"widget\" data-widget_type=\"heading.default\">\n\t\t\t\t<div class=\"elementor-widget-container\">\n\t\t\t\t\t<p class=\"elementor-heading-title elementor-size-default\">A place of culture<\/p>\t\t\t\t<\/div>\n\t\t\t\t<\/div>\n\t\t\t\t<\/div>\n\t\t\t\t\t<\/div>\n\t\t\t\t<\/section>\n\t\t<div class=\"elementor-element elementor-element-422d9e5 fade-up-scroll e-flex e-con-boxed e-con e-child\" data-id=\"422d9e5\" data-element_type=\"container\" data-e-type=\"container\">\n\t\t\t\t\t<div class=\"e-con-inner\">\n\t\t\t\t<div class=\"elementor-element elementor-element-e457e18 my-parralax elementor-widget elementor-widget-text-editor\" data-id=\"e457e18\" data-element_type=\"widget\" data-e-type=\"widget\" data-widget_type=\"text-editor.default\">\n\t\t\t\t<div class=\"elementor-widget-container\">\n\t\t\t\t\t\t\t\t\t<p>In the heart of the 9th arrondissement, the H\u00f4tel <em>Mrs Drouo<\/em>t is a cultural mecca. With art galleries, antique shops and caf\u00e9s, it offers a unique experience for lovers of art and heritage.<\/p>\t\t\t\t\t\t\t\t<\/div>\n\t\t\t\t<\/div>\n\t\t\t\t\t<\/div>\n\t\t\t\t<\/div>\n\t\t<div class=\"elementor-element elementor-element-7f54df1 fade-up-scroll e-flex e-con-boxed e-con e-child\" data-id=\"7f54df1\" data-element_type=\"container\" data-e-type=\"container\">\n\t\t\t\t\t<div class=\"e-con-inner\">\n\t\t<div class=\"elementor-element elementor-element-f51e599 e-con-full my-parralax e-flex e-con e-child\" data-id=\"f51e599\" data-element_type=\"container\" data-e-type=\"container\">\n\t\t\t\t<div class=\"elementor-element elementor-element-ce92cc8 fade-up-scroll-decale elementor-widget elementor-widget-image\" data-id=\"ce92cc8\" data-element_type=\"widget\" data-e-type=\"widget\" data-widget_type=\"image.default\">\n\t\t\t\t<div class=\"elementor-widget-container\">\n\t\t\t\t\t\t\t\t\t\t\t\t\t\t\t<img fetchpriority=\"high\" decoding=\"async\" width=\"139\" height=\"480\" src=\"https:\/\/www.madamedrouot.com\/wp-content\/uploads\/2024\/10\/image-5-1.jpg\" class=\"attachment-full size-full wp-image-3625\" alt=\"\" srcset=\"https:\/\/www.madamedrouot.com\/wp-content\/uploads\/2024\/10\/image-5-1.jpg 139w, https:\/\/www.madamedrouot.com\/wp-content\/uploads\/2024\/10\/image-5-1-87x300.jpg 87w\" sizes=\"(max-width: 139px) 100vw, 139px\" title=\"\">\t\t\t\t\t\t\t\t\t\t\t\t\t\t\t<\/div>\n\t\t\t\t<\/div>\n\t\t\t\t<div class=\"elementor-element elementor-element-c41641f elementor-widget elementor-widget-image\" data-id=\"c41641f\" data-element_type=\"widget\" data-e-type=\"widget\" data-widget_type=\"image.default\">\n\t\t\t\t<div class=\"elementor-widget-container\">\n\t\t\t\t\t\t\t\t\t\t\t\t\t\t\t<img decoding=\"async\" width=\"556\" height=\"479\" src=\"https:\/\/www.madamedrouot.com\/wp-content\/uploads\/2024\/10\/Frame-121-1.jpg\" class=\"attachment-full size-full wp-image-3629\" alt=\"\" srcset=\"https:\/\/www.madamedrouot.com\/wp-content\/uploads\/2024\/10\/Frame-121-1.jpg 556w, https:\/\/www.madamedrouot.com\/wp-content\/uploads\/2024\/10\/Frame-121-1-300x258.jpg 300w, https:\/\/www.madamedrouot.com\/wp-content\/uploads\/2024\/10\/Frame-121-1-14x12.jpg 14w\" sizes=\"(max-width: 556px) 100vw, 556px\" title=\"\">\t\t\t\t\t\t\t\t\t\t\t\t\t\t\t<\/div>\n\t\t\t\t<\/div>\n\t\t\t\t<\/div>\n\t\t<div class=\"elementor-element elementor-element-ae5f474 e-con-full my-parralax e-flex e-con e-child\" data-id=\"ae5f474\" data-element_type=\"container\" data-e-type=\"container\">\n\t\t\t\t<div class=\"elementor-element elementor-element-dd23736 elementor-widget__width-inherit elementor-widget elementor-widget-heading\" data-id=\"dd23736\" data-element_type=\"widget\" data-e-type=\"widget\" data-widget_type=\"heading.default\">\n\t\t\t\t<div class=\"elementor-widget-container\">\n\t\t\t\t\t<h2 class=\"elementor-heading-title elementor-size-default\"><span>LE<br \/> PASSAGE<\/span> <br \/><em style=\"color:var(--e-global-color-primary)\">verdeau<\/em><\/h2>\t\t\t\t<\/div>\n\t\t\t\t<\/div>\n\t\t\t\t<div class=\"elementor-element elementor-element-9ab0c7d elementor-widget__width-initial elementor-widget elementor-widget-text-editor\" data-id=\"9ab0c7d\" data-element_type=\"widget\" data-e-type=\"widget\" data-widget_type=\"text-editor.default\">\n\t\t\t\t<div class=\"elementor-widget-container\">\n\t\t\t\t\t\t\t\t\tThis covered passageway, dating from 1847, is a haven for lovers of antiques and rare books. Here you'll find charming boutiques ideal for a leisurely stroll.\t\t\t\t\t\t\t\t<\/div>\n\t\t\t\t<\/div>\n\t\t\t\t<\/div>\n\t\t\t\t\t<\/div>\n\t\t\t\t<\/div>\n\t\t<div class=\"elementor-element elementor-element-d3ebffc fade-up-scroll e-flex e-con-boxed e-con e-child\" data-id=\"d3ebffc\" data-element_type=\"container\" data-e-type=\"container\">\n\t\t\t\t\t<div class=\"e-con-inner\">\n\t\t<div class=\"elementor-element elementor-element-6802447 e-con-full fade-up-scroll-decale e-flex e-con e-child\" data-id=\"6802447\" data-element_type=\"container\" data-e-type=\"container\">\n\t\t\t\t<div class=\"elementor-element elementor-element-698937a elementor-widget__width-inherit elementor-widget elementor-widget-heading\" data-id=\"698937a\" data-element_type=\"widget\" data-e-type=\"widget\" data-widget_type=\"heading.default\">\n\t\t\t\t<div class=\"elementor-widget-container\">\n\t\t\t\t\t<h2 class=\"elementor-heading-title elementor-size-default\"><span>THE MUSEUM<\/span> <br \/><em style=\"color:var(--e-global-color-primary)\">Gr\u00e9vin<\/em><\/h2>\t\t\t\t<\/div>\n\t\t\t\t<\/div>\n\t\t\t\t<div class=\"elementor-element elementor-element-2dcefc5 elementor-widget__width-initial elementor-widget elementor-widget-text-editor\" data-id=\"2dcefc5\" data-element_type=\"widget\" data-e-type=\"widget\" data-widget_type=\"text-editor.default\">\n\t\t\t\t<div class=\"elementor-widget-container\">\n\t\t\t\t\t\t\t\t\tThis wax museum lets you meet famous people from all over the world, from Marilyn Monroe to Louis XIV, in sumptuous settings inspired by history and cinema.\t\t\t\t\t\t\t\t<\/div>\n\t\t\t\t<\/div>\n\t\t\t\t<\/div>\n\t\t<div class=\"elementor-element elementor-element-a5a39dc e-con-full my-parralax e-flex e-con e-child\" data-id=\"a5a39dc\" data-element_type=\"container\" data-e-type=\"container\">\n\t\t\t\t<div class=\"elementor-element elementor-element-0d29c61 fade-up-scroll-decale elementor-widget elementor-widget-image\" data-id=\"0d29c61\" data-element_type=\"widget\" data-e-type=\"widget\" data-widget_type=\"image.default\">\n\t\t\t\t<div class=\"elementor-widget-container\">\n\t\t\t\t\t\t\t\t\t\t\t\t\t\t\t<img decoding=\"async\" width=\"480\" height=\"139\" src=\"https:\/\/www.madamedrouot.com\/wp-content\/uploads\/2024\/10\/image-7.jpg\" class=\"attachment-full size-full wp-image-3670\" alt=\"\" srcset=\"https:\/\/www.madamedrouot.com\/wp-content\/uploads\/2024\/10\/image-7.jpg 480w, https:\/\/www.madamedrouot.com\/wp-content\/uploads\/2024\/10\/image-7-300x87.jpg 300w, https:\/\/www.madamedrouot.com\/wp-content\/uploads\/2024\/10\/image-7-18x5.jpg 18w\" sizes=\"(max-width: 480px) 100vw, 480px\" title=\"\">\t\t\t\t\t\t\t\t\t\t\t\t\t\t\t<\/div>\n\t\t\t\t<\/div>\n\t\t\t\t<div class=\"elementor-element elementor-element-a0dc4c5 elementor-widget elementor-widget-image\" data-id=\"a0dc4c5\" data-element_type=\"widget\" data-e-type=\"widget\" data-widget_type=\"image.default\">\n\t\t\t\t<div class=\"elementor-widget-container\">\n\t\t\t\t\t\t\t\t\t\t\t\t\t\t\t<img loading=\"lazy\" decoding=\"async\" width=\"556\" height=\"577\" src=\"https:\/\/www.madamedrouot.com\/wp-content\/uploads\/2024\/10\/image-6-min.jpg\" class=\"attachment-full size-full wp-image-3669\" alt=\"\" srcset=\"https:\/\/www.madamedrouot.com\/wp-content\/uploads\/2024\/10\/image-6-min.jpg 556w, https:\/\/www.madamedrouot.com\/wp-content\/uploads\/2024\/10\/image-6-min-289x300.jpg 289w, https:\/\/www.madamedrouot.com\/wp-content\/uploads\/2024\/10\/image-6-min-12x12.jpg 12w\" sizes=\"(max-width: 556px) 100vw, 556px\" title=\"\">\t\t\t\t\t\t\t\t\t\t\t\t\t\t\t<\/div>\n\t\t\t\t<\/div>\n\t\t\t\t<\/div>\n\t\t\t\t\t<\/div>\n\t\t\t\t<\/div>\n\t\t<div class=\"elementor-element elementor-element-f23abc9 e-flex e-con-boxed e-con e-child\" data-id=\"f23abc9\" data-element_type=\"container\" data-e-type=\"container\">\n\t\t\t\t\t<div class=\"e-con-inner\">\n\t\t<div class=\"elementor-element elementor-element-60ce759 e-con-full my-parralax e-flex e-con e-child\" data-id=\"60ce759\" data-element_type=\"container\" data-e-type=\"container\">\n\t\t\t\t<div class=\"elementor-element elementor-element-d67ffe8 fade-up-scroll-decale elementor-widget elementor-widget-image\" data-id=\"d67ffe8\" data-element_type=\"widget\" data-e-type=\"widget\" data-widget_type=\"image.default\">\n\t\t\t\t<div class=\"elementor-widget-container\">\n\t\t\t\t\t\t\t\t\t\t\t\t\t\t\t<img loading=\"lazy\" decoding=\"async\" width=\"139\" height=\"480\" src=\"https:\/\/www.madamedrouot.com\/wp-content\/uploads\/2024\/10\/Rectangle-271.jpg\" class=\"attachment-full size-full wp-image-3699\" alt=\"\" srcset=\"https:\/\/www.madamedrouot.com\/wp-content\/uploads\/2024\/10\/Rectangle-271.jpg 139w, https:\/\/www.madamedrouot.com\/wp-content\/uploads\/2024\/10\/Rectangle-271-87x300.jpg 87w\" sizes=\"(max-width: 139px) 100vw, 139px\" title=\"\">\t\t\t\t\t\t\t\t\t\t\t\t\t\t\t<\/div>\n\t\t\t\t<\/div>\n\t\t\t\t<div class=\"elementor-element elementor-element-7d2a159 fade-up-scroll elementor-widget elementor-widget-image\" data-id=\"7d2a159\" data-element_type=\"widget\" data-e-type=\"widget\" data-widget_type=\"image.default\">\n\t\t\t\t<div class=\"elementor-widget-container\">\n\t\t\t\t\t\t\t\t\t\t\t\t\t\t\t<img loading=\"lazy\" decoding=\"async\" width=\"557\" height=\"481\" src=\"https:\/\/www.madamedrouot.com\/wp-content\/uploads\/2024\/10\/image-8.jpg\" class=\"attachment-full size-full wp-image-3698\" alt=\"\" srcset=\"https:\/\/www.madamedrouot.com\/wp-content\/uploads\/2024\/10\/image-8.jpg 557w, https:\/\/www.madamedrouot.com\/wp-content\/uploads\/2024\/10\/image-8-300x259.jpg 300w, https:\/\/www.madamedrouot.com\/wp-content\/uploads\/2024\/10\/image-8-14x12.jpg 14w\" sizes=\"(max-width: 557px) 100vw, 557px\" title=\"\">\t\t\t\t\t\t\t\t\t\t\t\t\t\t\t<\/div>\n\t\t\t\t<\/div>\n\t\t\t\t<\/div>\n\t\t<div class=\"elementor-element elementor-element-51da2df e-con-full fade-up-scroll-decale e-flex e-con e-child\" data-id=\"51da2df\" data-element_type=\"container\" data-e-type=\"container\">\n\t\t\t\t<div class=\"elementor-element elementor-element-62f5fe9 elementor-widget__width-inherit elementor-widget elementor-widget-heading\" data-id=\"62f5fe9\" data-element_type=\"widget\" data-e-type=\"widget\" data-widget_type=\"heading.default\">\n\t\t\t\t<div class=\"elementor-widget-container\">\n\t\t\t\t\t<h2 class=\"elementor-heading-title elementor-size-default\"><span>THE OPERA<\/span> <br \/><em style=\"color:var(--e-global-color-primary)\">Garnier<\/em><\/h2>\t\t\t\t<\/div>\n\t\t\t\t<\/div>\n\t\t\t\t<div class=\"elementor-element elementor-element-862ccf6 elementor-widget__width-initial elementor-widget elementor-widget-text-editor\" data-id=\"862ccf6\" data-element_type=\"widget\" data-e-type=\"widget\" data-widget_type=\"text-editor.default\">\n\t\t\t\t<div class=\"elementor-widget-container\">\n\t\t\t\t\t\t\t\t\tA masterpiece of Haussmannian architecture, the Op\u00e9ra Garnier boasts a grand marble staircase and a ceiling painted by Chagall. A must-see for music and history lovers.\t\t\t\t\t\t\t\t<\/div>\n\t\t\t\t<\/div>\n\t\t\t\t<\/div>\n\t\t\t\t\t<\/div>\n\t\t\t\t<\/div>\n\t\t<div class=\"elementor-element elementor-element-0bf281f fade-up-scroll e-flex e-con-boxed e-con e-child\" data-id=\"0bf281f\" data-element_type=\"container\" data-e-type=\"container\">\n\t\t\t\t\t<div class=\"e-con-inner\">\n\t\t<div class=\"elementor-element elementor-element-704d6ac e-con-full fade-up-scroll-decale e-flex e-con e-child\" data-id=\"704d6ac\" data-element_type=\"container\" data-e-type=\"container\">\n\t\t\t\t<div class=\"elementor-element elementor-element-99508bc elementor-widget__width-inherit elementor-widget elementor-widget-heading\" data-id=\"99508bc\" data-element_type=\"widget\" data-e-type=\"widget\" data-widget_type=\"heading.default\">\n\t\t\t\t<div class=\"elementor-widget-container\">\n\t\t\t\t\t<h2 class=\"elementor-heading-title elementor-size-default\"><span>LES<br \/> GALLERIES<\/span> <br \/><em style=\"color:var(--e-global-color-primary)\">Lafayette<\/em><\/h2>\t\t\t\t<\/div>\n\t\t\t\t<\/div>\n\t\t\t\t<div class=\"elementor-element elementor-element-8ae8b0c elementor-widget__width-initial elementor-widget elementor-widget-text-editor\" data-id=\"8ae8b0c\" data-element_type=\"widget\" data-e-type=\"widget\" data-widget_type=\"text-editor.default\">\n\t\t\t\t<div class=\"elementor-widget-container\">\n\t\t\t\t\t\t\t\t\tThis iconic department stores' is not only a shopper's paradise, but also an architectural treasure with its famous Art Nouveau dome. Don't miss the exceptional view over Paris from its roof terrace.\t\t\t\t\t\t\t\t<\/div>\n\t\t\t\t<\/div>\n\t\t\t\t<\/div>\n\t\t<div class=\"elementor-element elementor-element-daa8239 e-con-full my-parralax e-flex e-con e-child\" data-id=\"daa8239\" data-element_type=\"container\" data-e-type=\"container\">\n\t\t\t\t<div class=\"elementor-element elementor-element-87e2b3e elementor-widget elementor-widget-image\" data-id=\"87e2b3e\" data-element_type=\"widget\" data-e-type=\"widget\" data-widget_type=\"image.default\">\n\t\t\t\t<div class=\"elementor-widget-container\">\n\t\t\t\t\t\t\t\t\t\t\t\t\t\t\t<img loading=\"lazy\" decoding=\"async\" width=\"556\" height=\"577\" src=\"https:\/\/www.madamedrouot.com\/wp-content\/uploads\/2024\/10\/image-9.jpg\" class=\"attachment-full size-full wp-image-3721\" alt=\"\" srcset=\"https:\/\/www.madamedrouot.com\/wp-content\/uploads\/2024\/10\/image-9.jpg 556w, https:\/\/www.madamedrouot.com\/wp-content\/uploads\/2024\/10\/image-9-289x300.jpg 289w, https:\/\/www.madamedrouot.com\/wp-content\/uploads\/2024\/10\/image-9-12x12.jpg 12w\" sizes=\"(max-width: 556px) 100vw, 556px\" title=\"\">\t\t\t\t\t\t\t\t\t\t\t\t\t\t\t<\/div>\n\t\t\t\t<\/div>\n\t\t\t\t<div class=\"elementor-element elementor-element-a97b5bf fade-up-scroll-decale elementor-widget elementor-widget-image\" data-id=\"a97b5bf\" data-element_type=\"widget\" data-e-type=\"widget\" data-widget_type=\"image.default\">\n\t\t\t\t<div class=\"elementor-widget-container\">\n\t\t\t\t\t\t\t\t\t\t\t\t\t\t\t<img loading=\"lazy\" decoding=\"async\" width=\"480\" height=\"139\" src=\"https:\/\/www.madamedrouot.com\/wp-content\/uploads\/2024\/10\/image-10.jpg\" class=\"attachment-full size-full wp-image-3722\" alt=\"\" srcset=\"https:\/\/www.madamedrouot.com\/wp-content\/uploads\/2024\/10\/image-10.jpg 480w, https:\/\/www.madamedrouot.com\/wp-content\/uploads\/2024\/10\/image-10-300x87.jpg 300w, https:\/\/www.madamedrouot.com\/wp-content\/uploads\/2024\/10\/image-10-18x5.jpg 18w\" sizes=\"(max-width: 480px) 100vw, 480px\" title=\"\">\t\t\t\t\t\t\t\t\t\t\t\t\t\t\t<\/div>\n\t\t\t\t<\/div>\n\t\t\t\t<\/div>\n\t\t\t\t\t<\/div>\n\t\t\t\t<\/div>\n\t\t<div class=\"elementor-element elementor-element-a375461 fade-up-scroll e-flex e-con-boxed e-con e-child\" data-id=\"a375461\" data-element_type=\"container\" data-e-type=\"container\">\n\t\t\t\t\t<div class=\"e-con-inner\">\n\t\t<div class=\"elementor-element elementor-element-ac4201e e-con-full my-parralax e-flex e-con e-child\" data-id=\"ac4201e\" data-element_type=\"container\" data-e-type=\"container\">\n\t\t\t\t<div class=\"elementor-element elementor-element-6fbc75f fade-up-scroll-decale elementor-widget elementor-widget-image\" data-id=\"6fbc75f\" data-element_type=\"widget\" data-e-type=\"widget\" data-widget_type=\"image.default\">\n\t\t\t\t<div class=\"elementor-widget-container\">\n\t\t\t\t\t\t\t\t\t\t\t\t\t\t\t<img loading=\"lazy\" decoding=\"async\" width=\"139\" height=\"481\" src=\"https:\/\/www.madamedrouot.com\/wp-content\/uploads\/2024\/10\/image-12.jpg\" class=\"attachment-full size-full wp-image-3742\" alt=\"\" srcset=\"https:\/\/www.madamedrouot.com\/wp-content\/uploads\/2024\/10\/image-12.jpg 139w, https:\/\/www.madamedrouot.com\/wp-content\/uploads\/2024\/10\/image-12-87x300.jpg 87w\" sizes=\"(max-width: 139px) 100vw, 139px\" title=\"\">\t\t\t\t\t\t\t\t\t\t\t\t\t\t\t<\/div>\n\t\t\t\t<\/div>\n\t\t\t\t<div class=\"elementor-element elementor-element-24f5373 elementor-widget elementor-widget-image\" data-id=\"24f5373\" data-element_type=\"widget\" data-e-type=\"widget\" data-widget_type=\"image.default\">\n\t\t\t\t<div class=\"elementor-widget-container\">\n\t\t\t\t\t\t\t\t\t\t\t\t\t\t\t<img loading=\"lazy\" decoding=\"async\" width=\"557\" height=\"481\" src=\"https:\/\/www.madamedrouot.com\/wp-content\/uploads\/2024\/10\/image-11-min.jpg\" class=\"attachment-full size-full wp-image-3741\" alt=\"\" srcset=\"https:\/\/www.madamedrouot.com\/wp-content\/uploads\/2024\/10\/image-11-min.jpg 557w, https:\/\/www.madamedrouot.com\/wp-content\/uploads\/2024\/10\/image-11-min-300x259.jpg 300w, https:\/\/www.madamedrouot.com\/wp-content\/uploads\/2024\/10\/image-11-min-14x12.jpg 14w\" sizes=\"(max-width: 557px) 100vw, 557px\" title=\"\">\t\t\t\t\t\t\t\t\t\t\t\t\t\t\t<\/div>\n\t\t\t\t<\/div>\n\t\t\t\t<\/div>\n\t\t<div class=\"elementor-element elementor-element-092d968 e-con-full my-parralax e-flex e-con e-child\" data-id=\"092d968\" data-element_type=\"container\" data-e-type=\"container\">\n\t\t\t\t<div class=\"elementor-element elementor-element-9802cf6 elementor-widget__width-inherit elementor-widget elementor-widget-heading\" data-id=\"9802cf6\" data-element_type=\"widget\" data-e-type=\"widget\" data-widget_type=\"heading.default\">\n\t\t\t\t<div class=\"elementor-widget-container\">\n\t\t\t\t\t<h2 class=\"elementor-heading-title elementor-size-default\"><span>THE THEATRE<\/span> <br \/><em style=\"color:var(--e-global-color-primary)\">madness <br \/>berg\u00e8res<\/em><\/h2>\t\t\t\t<\/div>\n\t\t\t\t<\/div>\n\t\t\t\t<div class=\"elementor-element elementor-element-fa3516d elementor-widget__width-initial elementor-widget elementor-widget-text-editor\" data-id=\"fa3516d\" data-element_type=\"widget\" data-e-type=\"widget\" data-widget_type=\"text-editor.default\">\n\t\t\t\t<div class=\"elementor-widget-container\">\n\t\t\t\t\t\t\t\t\tThis legendary theatre, famous for its cabaret shows and revues, continues to host a variety of productions in a typically Parisian atmosphere.\t\t\t\t\t\t\t\t<\/div>\n\t\t\t\t<\/div>\n\t\t\t\t<\/div>\n\t\t\t\t\t<\/div>\n\t\t\t\t<\/div>\n\t\t<div class=\"elementor-element elementor-element-ad4c5f4 e-con-full fade-up-scroll e-flex e-con e-parent\" data-id=\"ad4c5f4\" data-element_type=\"container\" data-e-type=\"container\">\n\t\t<div class=\"elementor-element elementor-element-55ab994 e-con-full e-flex e-con e-child\" data-id=\"55ab994\" data-element_type=\"container\" data-e-type=\"container\">\n\t\t<div class=\"elementor-element elementor-element-0d46afe e-con-full fade-up-scroll-decale e-flex e-con e-child\" data-id=\"0d46afe\" data-element_type=\"container\" data-e-type=\"container\" data-settings=\"{&quot;background_background&quot;:&quot;classic&quot;}\">\n\t\t\t\t<div class=\"elementor-element elementor-element-5625c01 elementor-widget__width-inherit elementor-widget elementor-widget-heading\" data-id=\"5625c01\" data-element_type=\"widget\" data-e-type=\"widget\" data-widget_type=\"heading.default\">\n\t\t\t\t<div class=\"elementor-widget-container\">\n\t\t\t\t\t<h2 class=\"elementor-heading-title elementor-size-default\">THE CAF\u00c9<br \/><em>Mr.<\/em><\/h2>\t\t\t\t<\/div>\n\t\t\t\t<\/div>\n\t\t\t\t<div class=\"elementor-element elementor-element-8bf3a1a btn-maillage elementor-widget elementor-widget-button\" data-id=\"8bf3a1a\" data-element_type=\"widget\" data-e-type=\"widget\" data-widget_type=\"button.default\">\n\t\t\t\t<div class=\"elementor-widget-container\">\n\t\t\t\t\t\t\t\t\t<div class=\"elementor-button-wrapper\">\n\t\t\t\t\t<a class=\"elementor-button elementor-button-link elementor-size-sm\" href=\"https:\/\/www.madamedrouot.com\/en\/cafe-monsieur\/\">\n\t\t\t\t\t\t<span class=\"elementor-button-content-wrapper\">\n\t\t\t\t\t\t<span class=\"elementor-button-icon\">\n\t\t\t\t<svg xmlns=\"http:\/\/www.w3.org\/2000\/svg\" width=\"28\" height=\"20\" viewbox=\"0 0 28 20\" fill=\"none\"><path d=\"M1 10L27 10\" stroke=\"black\" stroke-linecap=\"round\"><\/path><path d=\"M27 10.5C25 11.6667 20.1 15.1 16.5 19.5\" stroke=\"black\" stroke-linecap=\"round\"><\/path><path d=\"M27 10C25 8.83333 20.1 5.4 16.5 1\" stroke=\"black\" stroke-linecap=\"round\"><\/path><\/svg>\t\t\t<\/span>\n\t\t\t\t\t\t\t\t\t<span class=\"elementor-button-text\">see more<\/span>\n\t\t\t\t\t<\/span>\n\t\t\t\t\t<\/a>\n\t\t\t\t<\/div>\n\t\t\t\t\t\t\t\t<\/div>\n\t\t\t\t<\/div>\n\t\t\t\t<\/div>\n\t\t\t\t<\/div>\n\t\t<div class=\"elementor-element elementor-element-4f1f1f2 e-con-full e-flex e-con e-child\" data-id=\"4f1f1f2\" data-element_type=\"container\" data-e-type=\"container\" data-settings=\"{&quot;background_background&quot;:&quot;classic&quot;}\">\n\t\t\t\t<\/div>\n\t\t\t\t<\/div>\n\t\t\t\t<\/div>","protected":false},"excerpt":{"rendered":"<p>PARIS &#8211; Quartier Drouot D\u00c9COUVREZ le quartier Drouot Voyager &amp; d\u00e9couvrir Un lieu de culture Au coeur du 9\u00e8me arrondissement, le quartier de l&rsquo;H\u00f4tel Madame Drouot est un haut lieu de culture. Entre galeries d&rsquo;art, antiquaires et caf\u00e9s, il offre une exp\u00e9rience unique aux amateurs d&rsquo;art et de patrimoine. LE PASSAGE verdeau Ce passage couvert, [&hellip;]<\/p>\n","protected":false},"author":4,"featured_media":0,"parent":0,"menu_order":9,"comment_status":"closed","ping_status":"closed","template":"","meta":{"_acf_changed":false,"inline_featured_image":false,"footnotes":""},"class_list":["post-353","page","type-page","status-publish","hentry"],"acf":[],"_links":{"self":[{"href":"https:\/\/www.madamedrouot.com\/en\/wp-json\/wp\/v2\/pages\/353","targetHints":{"allow":["GET"]}}],"collection":[{"href":"https:\/\/www.madamedrouot.com\/en\/wp-json\/wp\/v2\/pages"}],"about":[{"href":"https:\/\/www.madamedrouot.com\/en\/wp-json\/wp\/v2\/types\/page"}],"author":[{"embeddable":true,"href":"https:\/\/www.madamedrouot.com\/en\/wp-json\/wp\/v2\/users\/4"}],"replies":[{"embeddable":true,"href":"https:\/\/www.madamedrouot.com\/en\/wp-json\/wp\/v2\/comments?post=353"}],"version-history":[{"count":184,"href":"https:\/\/www.madamedrouot.com\/en\/wp-json\/wp\/v2\/pages\/353\/revisions"}],"predecessor-version":[{"id":6729,"href":"https:\/\/www.madamedrouot.com\/en\/wp-json\/wp\/v2\/pages\/353\/revisions\/6729"}],"wp:attachment":[{"href":"https:\/\/www.madamedrouot.com\/en\/wp-json\/wp\/v2\/media?parent=353"}],"curies":[{"name":"wp","href":"https:\/\/api.w.org\/{rel}","templated":true}]}}