{"id":363,"date":"2024-10-03T16:14:29","date_gmt":"2024-10-03T14:14:29","guid":{"rendered":"https:\/\/www.madamedrouot.com\/nos-hotels-partenaires\/"},"modified":"2025-07-04T14:17:25","modified_gmt":"2025-07-04T12:17:25","slug":"our-partner-hotels","status":"publish","type":"page","link":"https:\/\/www.madamedrouot.com\/en\/our-partner-hotels\/","title":{"rendered":"Our partner hotels"},"content":{"rendered":"<div data-elementor-type=\"wp-page\" data-elementor-id=\"363\" class=\"elementor elementor-363\" data-elementor-post-type=\"page\">\n\t\t\t\t<div class=\"elementor-element elementor-element-7228d59 e-flex e-con-boxed e-con e-parent\" data-id=\"7228d59\" data-element_type=\"container\" data-settings=\"{&quot;background_background&quot;:&quot;classic&quot;}\">\n\t\t\t\t\t<div class=\"e-con-inner\">\n\t\t<div class=\"elementor-element elementor-element-8d47ec5 e-con-full e-flex e-con e-child\" data-id=\"8d47ec5\" data-element_type=\"container\" data-settings=\"{&quot;background_background&quot;:&quot;classic&quot;}\">\n\t\t<div class=\"elementor-element elementor-element-8b2c92e e-con-full my-fadeUp  my-parralax e-flex e-con e-child\" data-id=\"8b2c92e\" data-element_type=\"container\">\n\t\t\t\t<div class=\"elementor-element elementor-element-de38a5b elementor-widget elementor-widget-heading\" data-id=\"de38a5b\" data-element_type=\"widget\" data-widget_type=\"heading.default\">\n\t\t\t\t<div class=\"elementor-widget-container\">\n\t\t\t\t\t<h1 class=\"elementor-heading-title elementor-size-default\">PARISIAN GETAWAY<\/h1>\t\t\t\t<\/div>\n\t\t\t\t<\/div>\n\t\t\t\t<div class=\"elementor-element elementor-element-1e1c3c9 elementor-widget elementor-widget-heading\" data-id=\"1e1c3c9\" data-element_type=\"widget\" data-widget_type=\"heading.default\">\n\t\t\t\t<div class=\"elementor-widget-container\">\n\t\t\t\t\t<p class=\"elementor-heading-title elementor-size-default\">OUR HOTELS<em> partners<\/em><\/p>\t\t\t\t<\/div>\n\t\t\t\t<\/div>\n\t\t\t\t<\/div>\n\t\t\t\t<\/div>\n\t\t<div class=\"elementor-element elementor-element-2378657 e-con-full elementor-hidden-mobile e-flex e-con e-child\" data-id=\"2378657\" data-element_type=\"container\">\n\t\t\t\t<div class=\"elementor-element elementor-element-e5754c4 fade-up-scroll-decale elementor-view-default elementor-widget elementor-widget-icon\" data-id=\"e5754c4\" data-element_type=\"widget\" data-widget_type=\"icon.default\">\n\t\t\t\t<div class=\"elementor-widget-container\">\n\t\t\t\t\t\t\t<div class=\"elementor-icon-wrapper\">\n\t\t\t<a class=\"elementor-icon\" href=\"#screen2\">\n\t\t\t<svg xmlns=\"http:\/\/www.w3.org\/2000\/svg\" width=\"30\" height=\"44\" viewbox=\"0 0 30 44\" fill=\"none\"><path id=\"Vector 14\" d=\"M28.5 26.5L14.4937 42.5M14.4937 42.5L1.5 26.5M14.4937 42.5V1\" stroke=\"black\" stroke-width=\"1.54688\" stroke-linecap=\"round\" stroke-linejoin=\"round\"><\/path><\/svg>\t\t\t<\/a>\n\t\t<\/div>\n\t\t\t\t\t\t<\/div>\n\t\t\t\t<\/div>\n\t\t\t\t<\/div>\n\t\t\t\t\t<\/div>\n\t\t\t\t<\/div>\n\t\t<div class=\"elementor-element elementor-element-20f266b fade-up-scroll e-flex e-con-boxed e-con e-parent\" data-id=\"20f266b\" data-element_type=\"container\">\n\t\t\t\t\t<div class=\"e-con-inner\">\n\t\t<div class=\"elementor-element elementor-element-8fa9c34 e-con-full my-parralax part-left e-flex e-con e-child\" data-id=\"8fa9c34\" data-element_type=\"container\">\n\t\t\t\t<div class=\"elementor-element elementor-element-fbbe17d fade-up-scroll-decale elementor-widget elementor-widget-image\" data-id=\"fbbe17d\" data-element_type=\"widget\" data-widget_type=\"image.default\">\n\t\t\t\t<div class=\"elementor-widget-container\">\n\t\t\t\t\t\t\t\t\t\t\t\t\t\t\t<img fetchpriority=\"high\" decoding=\"async\" width=\"1024\" height=\"683\" src=\"https:\/\/www.madamedrouot.com\/wp-content\/uploads\/2024\/12\/257188393.jpg\" class=\"attachment-full size-full wp-image-6114\" alt=\"\" srcset=\"https:\/\/www.madamedrouot.com\/wp-content\/uploads\/2024\/12\/257188393.jpg 1024w, https:\/\/www.madamedrouot.com\/wp-content\/uploads\/2024\/12\/257188393-300x200.jpg 300w, https:\/\/www.madamedrouot.com\/wp-content\/uploads\/2024\/12\/257188393-768x512.jpg 768w, https:\/\/www.madamedrouot.com\/wp-content\/uploads\/2024\/12\/257188393-18x12.jpg 18w\" sizes=\"(max-width: 1024px) 100vw, 1024px\" title=\"\">\t\t\t\t\t\t\t\t\t\t\t\t\t\t\t<\/div>\n\t\t\t\t<\/div>\n\t\t\t\t<div class=\"elementor-element elementor-element-6cb9c43 elementor-widget elementor-widget-image\" data-id=\"6cb9c43\" data-element_type=\"widget\" data-widget_type=\"image.default\">\n\t\t\t\t<div class=\"elementor-widget-container\">\n\t\t\t\t\t\t\t\t\t\t\t\t\t\t\t<img decoding=\"async\" width=\"2560\" height=\"1707\" src=\"https:\/\/www.madamedrouot.com\/wp-content\/uploads\/2024\/12\/051c72044a3dfb91013f1d180e99d270-hotel-locomo-scaled.jpg\" class=\"attachment-full size-full wp-image-6110\" alt=\"\" srcset=\"https:\/\/www.madamedrouot.com\/wp-content\/uploads\/2024\/12\/051c72044a3dfb91013f1d180e99d270-hotel-locomo-scaled.jpg 2560w, https:\/\/www.madamedrouot.com\/wp-content\/uploads\/2024\/12\/051c72044a3dfb91013f1d180e99d270-hotel-locomo-300x200.jpg 300w, https:\/\/www.madamedrouot.com\/wp-content\/uploads\/2024\/12\/051c72044a3dfb91013f1d180e99d270-hotel-locomo-1024x683.jpg 1024w, https:\/\/www.madamedrouot.com\/wp-content\/uploads\/2024\/12\/051c72044a3dfb91013f1d180e99d270-hotel-locomo-768x512.jpg 768w, https:\/\/www.madamedrouot.com\/wp-content\/uploads\/2024\/12\/051c72044a3dfb91013f1d180e99d270-hotel-locomo-1536x1024.jpg 1536w, https:\/\/www.madamedrouot.com\/wp-content\/uploads\/2024\/12\/051c72044a3dfb91013f1d180e99d270-hotel-locomo-2048x1365.jpg 2048w, https:\/\/www.madamedrouot.com\/wp-content\/uploads\/2024\/12\/051c72044a3dfb91013f1d180e99d270-hotel-locomo-18x12.jpg 18w\" sizes=\"(max-width: 2560px) 100vw, 2560px\" title=\"\">\t\t\t\t\t\t\t\t\t\t\t\t\t\t\t<\/div>\n\t\t\t\t<\/div>\n\t\t\t\t<\/div>\n\t\t<div class=\"elementor-element elementor-element-b8ef14b e-con-full my-parralax part-right e-flex e-con e-child\" data-id=\"b8ef14b\" data-element_type=\"container\">\n\t\t\t\t<div class=\"elementor-element elementor-element-387f55a elementor-widget__width-inherit elementor-widget elementor-widget-heading\" data-id=\"387f55a\" data-element_type=\"widget\" data-widget_type=\"heading.default\">\n\t\t\t\t<div class=\"elementor-widget-container\">\n\t\t\t\t\t<h2 class=\"elementor-heading-title elementor-size-default\">HOTEL<br \/><em>Locomo<\/em><\/h2>\t\t\t\t<\/div>\n\t\t\t\t<\/div>\n\t\t\t\t<div class=\"elementor-element elementor-element-79246df elementor-widget__width-initial elementor-widget elementor-widget-text-editor\" data-id=\"79246df\" data-element_type=\"widget\" data-widget_type=\"text-editor.default\">\n\t\t\t\t<div class=\"elementor-widget-container\">\n\t\t\t\t\t\t\t\t\t<p><strong>Our partner hotel just a stone's throw from Gare de Lyon<\/strong><\/p><p>\u00a0<\/p><p>Close to Gare de Lyon, the 3-star LOCOMO hotel will never cease to surprise you! Ideal for long or short stays, for business or pleasure. Hammam, meeting rooms, restaurant... this hotel adapts to your every need.<\/p>\t\t\t\t\t\t\t\t<\/div>\n\t\t\t\t<\/div>\n\t\t\t\t<div class=\"elementor-element elementor-element-a507e5c btn-maillage  elementor-align-right elementor-widget elementor-widget-button\" data-id=\"a507e5c\" data-element_type=\"widget\" data-widget_type=\"button.default\">\n\t\t\t\t<div class=\"elementor-widget-container\">\n\t\t\t\t\t\t\t\t\t<div class=\"elementor-button-wrapper\">\n\t\t\t\t\t<a class=\"elementor-button elementor-button-link elementor-size-sm\" href=\"https:\/\/hotel-locomo-paris-gare-de-lyon.com\/\" target=\"_blank\" rel=\"nofollow noopener\">\n\t\t\t\t\t\t<span class=\"elementor-button-content-wrapper\">\n\t\t\t\t\t\t<span class=\"elementor-button-icon\">\n\t\t\t\t<svg xmlns=\"http:\/\/www.w3.org\/2000\/svg\" width=\"28\" height=\"20\" viewbox=\"0 0 28 20\" fill=\"none\"><path d=\"M1 10L27 10\" stroke=\"black\" stroke-linecap=\"round\"><\/path><path d=\"M27 10.5C25 11.6667 20.1 15.1 16.5 19.5\" stroke=\"black\" stroke-linecap=\"round\"><\/path><path d=\"M27 10C25 8.83333 20.1 5.4 16.5 1\" stroke=\"black\" stroke-linecap=\"round\"><\/path><\/svg>\t\t\t<\/span>\n\t\t\t\t\t\t\t\t\t<span class=\"elementor-button-text\">see more<\/span>\n\t\t\t\t\t<\/span>\n\t\t\t\t\t<\/a>\n\t\t\t\t<\/div>\n\t\t\t\t\t\t\t\t<\/div>\n\t\t\t\t<\/div>\n\t\t\t\t<\/div>\n\t\t\t\t\t<\/div>\n\t\t\t\t<\/div>\n\t\t<div class=\"elementor-element elementor-element-b369ffc fade-up-scroll e-flex e-con-boxed e-con e-parent\" data-id=\"b369ffc\" data-element_type=\"container\">\n\t\t\t\t\t<div class=\"e-con-inner\">\n\t\t<div class=\"elementor-element elementor-element-ae567a9 e-con-full my-parralax part-left e-flex e-con e-child\" data-id=\"ae567a9\" data-element_type=\"container\">\n\t\t\t\t<div class=\"elementor-element elementor-element-9398d71 elementor-widget elementor-widget-image\" data-id=\"9398d71\" data-element_type=\"widget\" data-widget_type=\"image.default\">\n\t\t\t\t<div class=\"elementor-widget-container\">\n\t\t\t\t\t\t\t\t\t\t\t\t\t\t\t<img decoding=\"async\" width=\"1024\" height=\"683\" src=\"https:\/\/www.madamedrouot.com\/wp-content\/uploads\/2024\/12\/503667706.jpg\" class=\"attachment-full size-full wp-image-6116\" alt=\"\" srcset=\"https:\/\/www.madamedrouot.com\/wp-content\/uploads\/2024\/12\/503667706.jpg 1024w, https:\/\/www.madamedrouot.com\/wp-content\/uploads\/2024\/12\/503667706-300x200.jpg 300w, https:\/\/www.madamedrouot.com\/wp-content\/uploads\/2024\/12\/503667706-768x512.jpg 768w, https:\/\/www.madamedrouot.com\/wp-content\/uploads\/2024\/12\/503667706-18x12.jpg 18w\" sizes=\"(max-width: 1024px) 100vw, 1024px\" title=\"\">\t\t\t\t\t\t\t\t\t\t\t\t\t\t\t<\/div>\n\t\t\t\t<\/div>\n\t\t\t\t<\/div>\n\t\t<div class=\"elementor-element elementor-element-73f6b00 e-con-full my-parralax part-right e-flex e-con e-child\" data-id=\"73f6b00\" data-element_type=\"container\">\n\t\t\t\t<div class=\"elementor-element elementor-element-333436a elementor-widget elementor-widget-heading\" data-id=\"333436a\" data-element_type=\"widget\" data-widget_type=\"heading.default\">\n\t\t\t\t<div class=\"elementor-widget-container\">\n\t\t\t\t\t<h2 class=\"elementor-heading-title elementor-size-default\">HOTEL<em> from<\/em> <br \/><em style=\"color:var(--e-global-color-primary)\">Fleurie<\/em><\/h2>\t\t\t\t<\/div>\n\t\t\t\t<\/div>\n\t\t\t\t<div class=\"elementor-element elementor-element-31b4d60 elementor-widget__width-initial elementor-widget elementor-widget-text-editor\" data-id=\"31b4d60\" data-element_type=\"widget\" data-widget_type=\"text-editor.default\">\n\t\t\t\t<div class=\"elementor-widget-container\">\n\t\t\t\t\t\t\t\t\t<p>Discover the timeless elegance of our sister hotel, the H\u00f4tel de Fleurie, ideally located in the heart of Paris.<br \/>located just a few steps from the H\u00f4tel La Folie des Pr\u00e9s, next to the Boulevard de Saint Germain.<\/p>\t\t\t\t\t\t\t\t<\/div>\n\t\t\t\t<\/div>\n\t\t\t\t<div class=\"elementor-element elementor-element-d833b75 btn-maillage  elementor-align-right elementor-widget elementor-widget-button\" data-id=\"d833b75\" data-element_type=\"widget\" data-widget_type=\"button.default\">\n\t\t\t\t<div class=\"elementor-widget-container\">\n\t\t\t\t\t\t\t\t\t<div class=\"elementor-button-wrapper\">\n\t\t\t\t\t<a class=\"elementor-button elementor-button-link elementor-size-sm\" href=\"https:\/\/www.hoteldefleurieparis.com\/\" target=\"_blank\" rel=\"nofollow noopener\">\n\t\t\t\t\t\t<span class=\"elementor-button-content-wrapper\">\n\t\t\t\t\t\t<span class=\"elementor-button-icon\">\n\t\t\t\t<svg xmlns=\"http:\/\/www.w3.org\/2000\/svg\" width=\"28\" height=\"20\" viewbox=\"0 0 28 20\" fill=\"none\"><path d=\"M1 10L27 10\" stroke=\"black\" stroke-linecap=\"round\"><\/path><path d=\"M27 10.5C25 11.6667 20.1 15.1 16.5 19.5\" stroke=\"black\" stroke-linecap=\"round\"><\/path><path d=\"M27 10C25 8.83333 20.1 5.4 16.5 1\" stroke=\"black\" stroke-linecap=\"round\"><\/path><\/svg>\t\t\t<\/span>\n\t\t\t\t\t\t\t\t\t<span class=\"elementor-button-text\">see more<\/span>\n\t\t\t\t\t<\/span>\n\t\t\t\t\t<\/a>\n\t\t\t\t<\/div>\n\t\t\t\t\t\t\t\t<\/div>\n\t\t\t\t<\/div>\n\t\t\t\t<\/div>\n\t\t<div class=\"elementor-element elementor-element-391aada e-con-full e-flex e-con e-child\" data-id=\"391aada\" data-element_type=\"container\">\n\t\t\t\t<div class=\"elementor-element elementor-element-1968b84 fade-up-scroll-decale elementor-widget elementor-widget-image\" data-id=\"1968b84\" data-element_type=\"widget\" data-widget_type=\"image.default\">\n\t\t\t\t<div class=\"elementor-widget-container\">\n\t\t\t\t\t\t\t\t\t\t\t\t\t\t\t<img loading=\"lazy\" decoding=\"async\" width=\"853\" height=\"1280\" src=\"https:\/\/www.madamedrouot.com\/wp-content\/uploads\/2025\/02\/DSC04691-Grande.jpeg\" class=\"attachment-full size-full wp-image-6691\" alt=\"\" srcset=\"https:\/\/www.madamedrouot.com\/wp-content\/uploads\/2025\/02\/DSC04691-Grande.jpeg 853w, https:\/\/www.madamedrouot.com\/wp-content\/uploads\/2025\/02\/DSC04691-Grande-200x300.jpeg 200w, https:\/\/www.madamedrouot.com\/wp-content\/uploads\/2025\/02\/DSC04691-Grande-682x1024.jpeg 682w, https:\/\/www.madamedrouot.com\/wp-content\/uploads\/2025\/02\/DSC04691-Grande-768x1152.jpeg 768w, https:\/\/www.madamedrouot.com\/wp-content\/uploads\/2025\/02\/DSC04691-Grande-8x12.jpeg 8w\" sizes=\"(max-width: 853px) 100vw, 853px\" title=\"\">\t\t\t\t\t\t\t\t\t\t\t\t\t\t\t<\/div>\n\t\t\t\t<\/div>\n\t\t\t\t<\/div>\n\t\t\t\t\t<\/div>\n\t\t\t\t<\/div>\n\t\t<div class=\"elementor-element elementor-element-77189f3 fade-up-scroll e-flex e-con-boxed e-con e-parent\" data-id=\"77189f3\" data-element_type=\"container\">\n\t\t\t\t\t<div class=\"e-con-inner\">\n\t\t<div class=\"elementor-element elementor-element-36f1d89 e-con-full  part-left e-flex e-con e-child\" data-id=\"36f1d89\" data-element_type=\"container\">\n\t\t\t\t<div class=\"elementor-element elementor-element-6bbb4e5 fade-up-scroll-decale elementor-widget elementor-widget-image\" data-id=\"6bbb4e5\" data-element_type=\"widget\" data-widget_type=\"image.default\">\n\t\t\t\t<div class=\"elementor-widget-container\">\n\t\t\t\t\t\t\t\t\t\t\t\t\t\t\t<img loading=\"lazy\" decoding=\"async\" width=\"1707\" height=\"2560\" src=\"https:\/\/www.madamedrouot.com\/wp-content\/uploads\/2024\/12\/IMG_3534-1-scaled-1.jpg\" class=\"attachment-full size-full wp-image-6113\" alt=\"\" srcset=\"https:\/\/www.madamedrouot.com\/wp-content\/uploads\/2024\/12\/IMG_3534-1-scaled-1.jpg 1707w, https:\/\/www.madamedrouot.com\/wp-content\/uploads\/2024\/12\/IMG_3534-1-scaled-1-200x300.jpg 200w, https:\/\/www.madamedrouot.com\/wp-content\/uploads\/2024\/12\/IMG_3534-1-scaled-1-683x1024.jpg 683w, https:\/\/www.madamedrouot.com\/wp-content\/uploads\/2024\/12\/IMG_3534-1-scaled-1-768x1152.jpg 768w, https:\/\/www.madamedrouot.com\/wp-content\/uploads\/2024\/12\/IMG_3534-1-scaled-1-1024x1536.jpg 1024w, https:\/\/www.madamedrouot.com\/wp-content\/uploads\/2024\/12\/IMG_3534-1-scaled-1-1366x2048.jpg 1366w, https:\/\/www.madamedrouot.com\/wp-content\/uploads\/2024\/12\/IMG_3534-1-scaled-1-8x12.jpg 8w\" sizes=\"(max-width: 1707px) 100vw, 1707px\" title=\"\">\t\t\t\t\t\t\t\t\t\t\t\t\t\t\t<\/div>\n\t\t\t\t<\/div>\n\t\t\t\t<\/div>\n\t\t<div class=\"elementor-element elementor-element-e44d717 e-con-full my-parralax part-right e-flex e-con e-child\" data-id=\"e44d717\" data-element_type=\"container\">\n\t\t\t\t<div class=\"elementor-element elementor-element-7f910fe elementor-widget elementor-widget-heading\" data-id=\"7f910fe\" data-element_type=\"widget\" data-widget_type=\"heading.default\">\n\t\t\t\t<div class=\"elementor-widget-container\">\n\t\t\t\t\t<h2 class=\"elementor-heading-title elementor-size-default\"><span style=\"color:var(--e-global-color-primary)\">LA FOLIE<\/span><em> meadows<\/em><\/h2>\t\t\t\t<\/div>\n\t\t\t\t<\/div>\n\t\t\t\t<div class=\"elementor-element elementor-element-b702745 elementor-widget__width-initial elementor-widget elementor-widget-text-editor\" data-id=\"b702745\" data-element_type=\"widget\" data-widget_type=\"text-editor.default\">\n\t\t\t\t<div class=\"elementor-widget-container\">\n\t\t\t\t\t\t\t\t\t<p>Just a few steps from the H\u00f4tel de Fleurie, discover La Folie des Pr\u00e9s, a 3-star boutique hotel with a bold style, nestled in the heart of Saint-Germain-des-Pr\u00e9s, on the Left Bank. Enjoy modern design, a warm welcome and an ideal location in the heart of Saint Germain des Pr\u00e9s to explore the Left Bank. Perfect for an unforgettable stay in Paris.<\/p>\t\t\t\t\t\t\t\t<\/div>\n\t\t\t\t<\/div>\n\t\t\t\t<div class=\"elementor-element elementor-element-db51162 btn-maillage  elementor-align-center elementor-widget__width-initial elementor-mobile-align-left elementor-widget elementor-widget-button\" data-id=\"db51162\" data-element_type=\"widget\" data-widget_type=\"button.default\">\n\t\t\t\t<div class=\"elementor-widget-container\">\n\t\t\t\t\t\t\t\t\t<div class=\"elementor-button-wrapper\">\n\t\t\t\t\t<a class=\"elementor-button elementor-button-link elementor-size-sm\" href=\"https:\/\/www.hotelfoliedespres.com\/\" target=\"_blank\" rel=\"nofollow noopener\">\n\t\t\t\t\t\t<span class=\"elementor-button-content-wrapper\">\n\t\t\t\t\t\t<span class=\"elementor-button-icon\">\n\t\t\t\t<svg xmlns=\"http:\/\/www.w3.org\/2000\/svg\" width=\"28\" height=\"20\" viewbox=\"0 0 28 20\" fill=\"none\"><path d=\"M1 10L27 10\" stroke=\"black\" stroke-linecap=\"round\"><\/path><path d=\"M27 10.5C25 11.6667 20.1 15.1 16.5 19.5\" stroke=\"black\" stroke-linecap=\"round\"><\/path><path d=\"M27 10C25 8.83333 20.1 5.4 16.5 1\" stroke=\"black\" stroke-linecap=\"round\"><\/path><\/svg>\t\t\t<\/span>\n\t\t\t\t\t\t\t\t\t<span class=\"elementor-button-text\">see more<\/span>\n\t\t\t\t\t<\/span>\n\t\t\t\t\t<\/a>\n\t\t\t\t<\/div>\n\t\t\t\t\t\t\t\t<\/div>\n\t\t\t\t<\/div>\n\t\t\t\t<\/div>\n\t\t<div class=\"elementor-element elementor-element-7649e03 e-con-full my-parralax e-flex e-con e-child\" data-id=\"7649e03\" data-element_type=\"container\">\n\t\t\t\t<div class=\"elementor-element elementor-element-76ef41b elementor-widget elementor-widget-image\" data-id=\"76ef41b\" data-element_type=\"widget\" data-widget_type=\"image.default\">\n\t\t\t\t<div class=\"elementor-widget-container\">\n\t\t\t\t\t\t\t\t\t\t\t\t\t\t\t<img loading=\"lazy\" decoding=\"async\" width=\"1920\" height=\"2560\" src=\"https:\/\/www.madamedrouot.com\/wp-content\/uploads\/2024\/12\/IMG_7604-1-scaled-1.jpg\" class=\"attachment-full size-full wp-image-6112\" alt=\"\" srcset=\"https:\/\/www.madamedrouot.com\/wp-content\/uploads\/2024\/12\/IMG_7604-1-scaled-1.jpg 1920w, https:\/\/www.madamedrouot.com\/wp-content\/uploads\/2024\/12\/IMG_7604-1-scaled-1-225x300.jpg 225w, https:\/\/www.madamedrouot.com\/wp-content\/uploads\/2024\/12\/IMG_7604-1-scaled-1-768x1024.jpg 768w, https:\/\/www.madamedrouot.com\/wp-content\/uploads\/2024\/12\/IMG_7604-1-scaled-1-1152x1536.jpg 1152w, https:\/\/www.madamedrouot.com\/wp-content\/uploads\/2024\/12\/IMG_7604-1-scaled-1-1536x2048.jpg 1536w, https:\/\/www.madamedrouot.com\/wp-content\/uploads\/2024\/12\/IMG_7604-1-scaled-1-9x12.jpg 9w\" sizes=\"(max-width: 1920px) 100vw, 1920px\" title=\"\">\t\t\t\t\t\t\t\t\t\t\t\t\t\t\t<\/div>\n\t\t\t\t<\/div>\n\t\t\t\t<\/div>\n\t\t\t\t\t<\/div>\n\t\t\t\t<\/div>\n\t\t\t\t<\/div>","protected":false},"excerpt":{"rendered":"<p>ESCAPADE PARISIENNE OUR PARTNER HOTELS HOTELLocomo Our partner hotel just a stone's throw from Gare de Lyon Near Gare de Lyon, the 3-star LOCOMO hotel will never cease to surprise you! Ideal for long or short stays, for business or pleasure. Hammam, meeting rooms, restaurant... [...]<\/p>","protected":false},"author":4,"featured_media":0,"parent":0,"menu_order":14,"comment_status":"closed","ping_status":"closed","template":"","meta":{"_acf_changed":false,"inline_featured_image":false,"footnotes":""},"class_list":["post-363","page","type-page","status-publish","hentry"],"acf":[],"_links":{"self":[{"href":"https:\/\/www.madamedrouot.com\/en\/wp-json\/wp\/v2\/pages\/363","targetHints":{"allow":["GET"]}}],"collection":[{"href":"https:\/\/www.madamedrouot.com\/en\/wp-json\/wp\/v2\/pages"}],"about":[{"href":"https:\/\/www.madamedrouot.com\/en\/wp-json\/wp\/v2\/types\/page"}],"author":[{"embeddable":true,"href":"https:\/\/www.madamedrouot.com\/en\/wp-json\/wp\/v2\/users\/4"}],"replies":[{"embeddable":true,"href":"https:\/\/www.madamedrouot.com\/en\/wp-json\/wp\/v2\/comments?post=363"}],"version-history":[{"count":145,"href":"https:\/\/www.madamedrouot.com\/en\/wp-json\/wp\/v2\/pages\/363\/revisions"}],"predecessor-version":[{"id":7644,"href":"https:\/\/www.madamedrouot.com\/en\/wp-json\/wp\/v2\/pages\/363\/revisions\/7644"}],"wp:attachment":[{"href":"https:\/\/www.madamedrouot.com\/en\/wp-json\/wp\/v2\/media?parent=363"}],"curies":[{"name":"wp","href":"https:\/\/api.w.org\/{rel}","templated":true}]}}